{"id":85,"date":"2021-05-16T10:55:44","date_gmt":"2021-05-16T08:55:44","guid":{"rendered":"http:\/\/nowa.istmus.pl\/?page_id=85"},"modified":"2024-10-13T14:21:47","modified_gmt":"2024-10-13T12:21:47","slug":"terapia","status":"publish","type":"page","link":"http:\/\/istmus.pl\/?page_id=85","title":{"rendered":"TERAPIA"},"content":{"rendered":"<p><span style=\"color: black;\"><br \/>\n<span style=\"color: black;\"><br \/>\nW naszej ofercie terapeutycznej, zar\u00f3wno grupowej, jak i indywidualnej, mie\u015bci si\u0119 m. in.:<\/span><\/span><\/p>\n<ul>\n<li><a href=\"http:\/\/nowa.istmus.pl\/?page_id=175\">Trening Umiej\u0119tno\u015bci Spo\u0142ecznych,<\/a><\/li>\n<li><a href=\"http:\/\/nowa.istmus.pl\/?page_id=168\">Terapia r\u0119ki,<\/a><\/li>\n<li><a href=\"http:\/\/nowa.istmus.pl\/?page_id=116\">Terapia logopedyczna,<\/a><\/li>\n<li><a href=\"http:\/\/nowa.istmus.pl\/?page_id=127\">Integracja sensoryczna,<\/a><\/li>\n<li><a href=\"http:\/\/istmus.pl\/?page_id=341\">Fizjoterapia,<\/a><\/li>\n<li><a href=\"http:\/\/istmus.pl\/?page_id=398\">Terapia psychologiczna,<\/a><\/li>\n<li><a href=\"http:\/\/istmus.pl\/?page_id=426\">Terapia czaszkowo-krzy\u017cowa.<\/a><\/li>\n<\/ul>\n<p>Centrum Diagnozy i Terapii Istmus \u015bwiadczy te\u017c us\u0142ugi w ramach konsultacji, prowadzi turnusy terapeutyczne, zaj\u0119cia og\u00f3lnorozwojowe oraz szkolenia dla rodzic\u00f3w, opiekun\u00f3w i specjalist\u00f3w.<\/p>\n","protected":false},"excerpt":{"rendered":"<p>W naszej ofercie terapeutycznej, zar\u00f3wno grupowej, jak i indywidualnej, mie\u015bci si\u0119 m. in.: Trening Umiej\u0119tno\u015bci Spo\u0142ecznych, Terapia r\u0119ki, Terapia logopedyczna, Integracja sensoryczna, Fizjoterapia, Terapia psychologiczna, Terapia czaszkowo-krzy\u017cowa. Centrum Diagnozy i Terapii Istmus \u015bwiadczy te\u017c us\u0142ugi w ramach konsultacji, prowadzi turnusy terapeutyczne, zaj\u0119cia og\u00f3lnorozwojowe oraz szkolenia dla rodzic\u00f3w, opiekun\u00f3w i specjalist\u00f3w.<\/p>\n","protected":false},"author":1,"featured_media":0,"parent":0,"menu_order":0,"comment_status":"closed","ping_status":"closed","template":"","meta":[],"_links":{"self":[{"href":"http:\/\/istmus.pl\/index.php?rest_route=\/wp\/v2\/pages\/85"}],"collection":[{"href":"http:\/\/istmus.pl\/index.php?rest_route=\/wp\/v2\/pages"}],"about":[{"href":"http:\/\/istmus.pl\/index.php?rest_route=\/wp\/v2\/types\/page"}],"author":[{"embeddable":true,"href":"http:\/\/istmus.pl\/index.php?rest_route=\/wp\/v2\/users\/1"}],"replies":[{"embeddable":true,"href":"http:\/\/istmus.pl\/index.php?rest_route=%2Fwp%2Fv2%2Fcomments&post=85"}],"version-history":[{"count":11,"href":"http:\/\/istmus.pl\/index.php?rest_route=\/wp\/v2\/pages\/85\/revisions"}],"predecessor-version":[{"id":429,"href":"http:\/\/istmus.pl\/index.php?rest_route=\/wp\/v2\/pages\/85\/revisions\/429"}],"wp:attachment":[{"href":"http:\/\/istmus.pl\/index.php?rest_route=%2Fwp%2Fv2%2Fmedia&parent=85"}],"curies":[{"name":"wp","href":"https:\/\/api.w.org\/{rel}","templated":true}]}}