{"id":398,"date":"2024-07-02T13:04:36","date_gmt":"2024-07-02T11:04:36","guid":{"rendered":"http:\/\/istmus.pl\/?page_id=398"},"modified":"2024-07-02T13:05:00","modified_gmt":"2024-07-02T11:05:00","slug":"terapia-psychologiczna","status":"publish","type":"page","link":"http:\/\/istmus.pl\/?page_id=398","title":{"rendered":"Terapia psychologiczna"},"content":{"rendered":"<p><font color=\"black\"><br \/>\n<strong>Kiedy do psychologa?<\/strong><\/p>\n<p>Z pomocy warto skorzysta, gdy:<\/p>\n<ul>\n<li>\n<p align=\"LEFT\">masz w\u0105tpliwo\u015bci czy rozw<span lang=\"es-ES\">\u00f3<\/span>j Twojego dziecka przebiega prawid\u0142owo,<\/p>\n<\/li>\n<li>\n<p align=\"LEFT\">nie wiesz jak pom<span lang=\"es-ES\">\u00f3<\/span>c dziecku w poradzeniu sobie z now\u0105 stresuj\u0105c\u0105 sytuacj\u0105,<\/p>\n<\/li>\n<li>\n<p align=\"LEFT\">Twoje dziecko nie potrafi poradzi\u0107 sobie z emocjami, przejawia wzmo\u017con\u0105, niekontrolowan\u0105 agresj\u0119, silne l\u0119ki lub fobie,<\/p>\n<\/li>\n<li>\n<p align=\"LEFT\">zauwa\u017casz u swojego dziecka obni\u017cony nastr<span lang=\"es-ES\">\u00f3<\/span>j lub rozdra\u017cnienie,<\/p>\n<\/li>\n<\/ul>\n<p>Badanie psychologiczne &#8211; aby badanie testowe by\u0142<span lang=\"en-US\">o mo<\/span>\u017cliwe konieczna jest wst\u0119pna rozmowa z rodzicami dziecka\/opiekunami prawnymi, podczas kt<span lang=\"es-ES\">\u00f3<\/span>rej zostan\u0105 zebrane istotne informacje na temat osoby badanej (tj. wiek, dotychczasowy rozw<span lang=\"es-ES\">\u00f3<\/span>j), ponadto zostanie ustalony cel badania. Na podstawie zebranych informacji psycholog zaproponuje odpowiedni test lub udzieli informacji, czy mo\u017ce si\u0119 podj\u0105\u0107 przeprowadzenia wybranego przez Pa\u0144stwa testu.<\/p>\n<p><strong>Na badanie sk\u0142ada si\u0119:<\/strong><\/p>\n<ul>\n<li>\n<p align=\"LEFT\">konsultacja psychologiczna z rodzicami\/ opiekunami prawnymi dziecka &#8211; w trakcie kt<span lang=\"es-ES\">\u00f3<\/span>rej przeprowadzony zostanie wywiad dotycz\u0105cy rozwoju dziecka, ustalony zostanie cel badania i wybrany odpowiedni test<\/p>\n<\/li>\n<li>\n<p align=\"LEFT\">badanie\u00a0testem, obliczenie i\u00a0interpretacj\u0119 wynik<span lang=\"es-ES\">\u00f3<\/span>w,<\/p>\n<\/li>\n<li>\n<p align=\"LEFT\">opis wynik<span lang=\"es-ES\">\u00f3<\/span>w w\u00a0formie pisemnej<\/p>\n<\/li>\n<li>\n<p align=\"LEFT\">konsultacja psychologiczna z om<span lang=\"es-ES\">\u00f3<\/span>wieniem wynik<span lang=\"es-ES\">\u00f3<\/span>w<\/p>\n<\/li>\n<\/ul>\n<p>Terapia psychologiczna to cykliczne spotkania psychologa z dzie\u0107mi maj\u0105cymi trudno\u015bci adaptacyjne, edukacyjne, emocjonalne oraz spo\u0142eczne. Ka\u017cde dziecko jest inne, dlatego metody terapeutyczne dobierane s\u0105 indywidualnie do potrzeb pacjenta. Terapia ma ustalane cele, kt<span lang=\"es-ES\">\u00f3<\/span>re s\u0105 realizowane podczas spotka\u0144. Psycholog wspiera dziecko w radzeniu sobie z problemami z kt<span lang=\"es-ES\">\u00f3<\/span>rymi mierzy si\u0119 na okre\u015blonym etapie \u017cycia, zapewniaj\u0105c mu niezb\u0119dne wsparcie.<\/p>\n","protected":false},"excerpt":{"rendered":"<p>Kiedy do psychologa? Z pomocy warto skorzysta, gdy: masz w\u0105tpliwo\u015bci czy rozw\u00f3j Twojego dziecka przebiega prawid\u0142owo, nie wiesz jak pom\u00f3c dziecku w poradzeniu sobie z now\u0105 stresuj\u0105c\u0105 sytuacj\u0105, Twoje dziecko nie potrafi poradzi\u0107 sobie z emocjami, przejawia wzmo\u017con\u0105, niekontrolowan\u0105 agresj\u0119, silne l\u0119ki lub fobie, zauwa\u017casz u swojego dziecka obni\u017cony nastr\u00f3j lub rozdra\u017cnienie, Badanie psychologiczne &#8211;&hellip; <br \/> <a class=\"read-more\" href=\"http:\/\/istmus.pl\/?page_id=398\">Czytaj dalej<\/a><\/p>\n","protected":false},"author":1,"featured_media":0,"parent":0,"menu_order":0,"comment_status":"closed","ping_status":"closed","template":"","meta":[],"_links":{"self":[{"href":"http:\/\/istmus.pl\/index.php?rest_route=\/wp\/v2\/pages\/398"}],"collection":[{"href":"http:\/\/istmus.pl\/index.php?rest_route=\/wp\/v2\/pages"}],"about":[{"href":"http:\/\/istmus.pl\/index.php?rest_route=\/wp\/v2\/types\/page"}],"author":[{"embeddable":true,"href":"http:\/\/istmus.pl\/index.php?rest_route=\/wp\/v2\/users\/1"}],"replies":[{"embeddable":true,"href":"http:\/\/istmus.pl\/index.php?rest_route=%2Fwp%2Fv2%2Fcomments&post=398"}],"version-history":[{"count":2,"href":"http:\/\/istmus.pl\/index.php?rest_route=\/wp\/v2\/pages\/398\/revisions"}],"predecessor-version":[{"id":400,"href":"http:\/\/istmus.pl\/index.php?rest_route=\/wp\/v2\/pages\/398\/revisions\/400"}],"wp:attachment":[{"href":"http:\/\/istmus.pl\/index.php?rest_route=%2Fwp%2Fv2%2Fmedia&parent=398"}],"curies":[{"name":"wp","href":"https:\/\/api.w.org\/{rel}","templated":true}]}}