{"id":204,"date":"2021-10-11T11:20:40","date_gmt":"2021-10-11T09:20:40","guid":{"rendered":"http:\/\/nowa.istmus.pl\/?page_id=204"},"modified":"2021-12-31T09:53:46","modified_gmt":"2021-12-31T08:53:46","slug":"dorota-pikulicka","status":"publish","type":"page","link":"http:\/\/istmus.pl\/?page_id=204","title":{"rendered":"Dorota Pikulicka"},"content":{"rendered":"<p><span style=\"color: black;\"><img loading=\"lazy\" class=\"alignleft\" src=\"http:\/\/nowa.istmus.pl\/wp-content\/uploads\/2021\/05\/cropped-Dorota-Pikulicka_mini-300x300.jpg\" alt=\"\" width=\"300\" height=\"300\" \/>Jestem oligofrenopedagogiem, terapeut\u0105 integracji sensorycznej, terapeut\u0105 komunikacji alternatywnej i wspomagaj\u0105cej AAC, PECS, MAKATON oraz cz\u0142onkiem Polskiego Stowarzyszenia Terapeut\u00f3w Integracji Sensorycznej.<br \/>\nW 2006 roku uko\u0144czy\u0142am studia pierwszego stopnia w Wy\u017cszej Szkole Zawodowej Kolegium Karkonoskie na wydziale Pedagogika Opieku\u0144cza w zakresie: resocjalizacji. W tym samym roku podj\u0119\u0142am prac\u0119 jako nauczyciel w Specjalnym O\u015brodku Szkolno-Wychowawczym w Zgorzelcu oraz rozpocz\u0119\u0142am studia uzupe\u0142niaj\u0105ce i kursy kwalifikacyjne. W 2008 roku uzyska\u0142am tytu\u0142 naukowy magistra w Dolno\u015bl\u0105skiej Szkole Wy\u017cszej we Wroc\u0142awiu, wydzia\u0142 Pedagogika Specjalna, kierunek studi\u00f3w: Edukacja i Rehabilitacja Os\u00f3b Niepe\u0142nosprawnych Intelektualnie.<br \/>\nWsp\u00f3\u0142pracuj\u0119 ze szko\u0142ami, przedszkolami oraz innymi instytucjami w okolicach Zgorzelca. Stale staram si\u0119 poszerza\u0107 warsztat mojej pracy oraz rozwija\u0107 umiej\u0119tno\u015bci i wiedz\u0119 potrzebn\u0105 do pracy z ma\u0142ymi pacjentami zgodnie z tym uko\u0144czy\u0142am mi\u0119dzy innymi kurs w zakresie integracji sensorycznej (certyfikowany terapeuta SI),specjalizacj\u0119 metod: \u201eKinezjologia Edukacyjna \u2013 metoda P.G. Dennison\u201d, za\u015bwiadczenie nr. 1953\/06, \u201eNeuro sensomotoryczna Terapia Taktylna wg. Dr. \u015awietlany Masgutowej\u201d Certyfikat nr. NT-000 235, \u201eMetoda Ruchu Rozwijaj\u0105cego Weroniki Sherborne\u201d, certyfikat nr. 15\/WS\/08, \u201eMetoda Dobrego Startu Marty Bogdanowicz\u201d, certyfikat nr. 16\/MDS\/2009, \u201eAlternatywne i wspomagaj\u0105ce sposoby komunikacji\u201d, drugi stopie\u0144, uzyskanie tytu\u0142u specjalisty komunikacji alternatywnej i wspomagaj\u0105cej, \u201eAlternatywne i wspomagaj\u0105ce sposoby komunikacji, MAKATON\u201d, \u201eMetody Stymulacyjne w Diagnozie i Terapii Dzieci autystycznych\u201d, certyfikat: 2007\/11\/18\/nr-6, \u201eSeksualno\u015b\u0107 os\u00f3b niepe\u0142nosprawnych intelektualnie\u201d, PECS. Jestem te\u017c diagnost\u0105 ADOS-2.<br \/>\nFascynuj\u0105 mnie dzieci, ich mo\u017cliwo\u015bci oraz postrzeganie \u015bwiata. To one ucz\u0105 mnie dystansu do wielu codziennych spraw. Dlatego praca sta\u0142a si\u0119 jedn\u0105 z moich pasji. Uwielbiam r\u00f3wnie\u017c g\u00f3ry, narciarstwo alpejskie oraz kiteserfing.<\/p>\n","protected":false},"excerpt":{"rendered":"<p>Jestem oligofrenopedagogiem, terapeut\u0105 integracji sensorycznej, terapeut\u0105 komunikacji alternatywnej i wspomagaj\u0105cej AAC, PECS, MAKATON oraz cz\u0142onkiem Polskiego Stowarzyszenia Terapeut\u00f3w Integracji Sensorycznej. W 2006 roku uko\u0144czy\u0142am studia pierwszego stopnia w Wy\u017cszej Szkole Zawodowej Kolegium Karkonoskie na wydziale Pedagogika Opieku\u0144cza w zakresie: resocjalizacji. W tym samym roku podj\u0119\u0142am prac\u0119 jako nauczyciel w Specjalnym O\u015brodku Szkolno-Wychowawczym w Zgorzelcu oraz&hellip; <br \/> <a class=\"read-more\" href=\"http:\/\/istmus.pl\/?page_id=204\">Czytaj dalej<\/a><\/p>\n","protected":false},"author":1,"featured_media":0,"parent":0,"menu_order":0,"comment_status":"closed","ping_status":"closed","template":"","meta":[],"_links":{"self":[{"href":"http:\/\/istmus.pl\/index.php?rest_route=\/wp\/v2\/pages\/204"}],"collection":[{"href":"http:\/\/istmus.pl\/index.php?rest_route=\/wp\/v2\/pages"}],"about":[{"href":"http:\/\/istmus.pl\/index.php?rest_route=\/wp\/v2\/types\/page"}],"author":[{"embeddable":true,"href":"http:\/\/istmus.pl\/index.php?rest_route=\/wp\/v2\/users\/1"}],"replies":[{"embeddable":true,"href":"http:\/\/istmus.pl\/index.php?rest_route=%2Fwp%2Fv2%2Fcomments&post=204"}],"version-history":[{"count":6,"href":"http:\/\/istmus.pl\/index.php?rest_route=\/wp\/v2\/pages\/204\/revisions"}],"predecessor-version":[{"id":230,"href":"http:\/\/istmus.pl\/index.php?rest_route=\/wp\/v2\/pages\/204\/revisions\/230"}],"wp:attachment":[{"href":"http:\/\/istmus.pl\/index.php?rest_route=%2Fwp%2Fv2%2Fmedia&parent=204"}],"curies":[{"name":"wp","href":"https:\/\/api.w.org\/{rel}","templated":true}]}}