{"id":190,"date":"2021-10-11T10:40:26","date_gmt":"2021-10-11T08:40:26","guid":{"rendered":"http:\/\/nowa.istmus.pl\/?page_id=190"},"modified":"2022-03-02T07:46:40","modified_gmt":"2022-03-02T06:46:40","slug":"cennik","status":"publish","type":"page","link":"http:\/\/istmus.pl\/?page_id=190","title":{"rendered":"CENNIK"},"content":{"rendered":"<p><font color=\"black\"><\/p>\n<p>W katalogu naszych us\u0142ug s\u0105 zar\u00f3wno spotkania terapeutyczne, jak i konsultacyjne oraz szkoleniowe.<\/span><br \/>\n\n<table id=\"tablepress-1\" class=\"tablepress tablepress-id-1\">\n<tbody class=\"row-hover\">\n<tr class=\"row-1 odd\">\n\t<td class=\"column-1\">Badania ADOS-2 (wywiad z rodzicem, spotkanie diagnostyczne, pisemny raport z badania, om\u00f3wienie)<\/td><td class=\"column-2\">900z\u0142<\/td>\n<\/tr>\n<tr class=\"row-2 even\">\n\t<td class=\"column-1\">Ocena proces\u00f3w integracji sensorycznej z pisemnym raportem oraz zaleceniami do pracy w domu (3 spotkania)<\/td><td class=\"column-2\">650z\u0142<\/td>\n<\/tr>\n<tr class=\"row-3 odd\">\n\t<td class=\"column-1\">Terapia Integracji Sensorycznej (45-60 min) <\/td><td class=\"column-2\">150z\u0142<\/td>\n<\/tr>\n<tr class=\"row-4 even\">\n\t<td class=\"column-1\">Konsultacja z terapeut\u0105 SI<\/td><td class=\"column-2\">270z\u0142<\/td>\n<\/tr>\n<tr class=\"row-5 odd\">\n\t<td class=\"column-1\">Konsultacja logopedyczna <\/td><td class=\"column-2\">250z\u0142<\/td>\n<\/tr>\n<tr class=\"row-6 even\">\n\t<td class=\"column-1\">Terapia logopedyczna (45-60 min)<\/td><td class=\"column-2\">140z\u0142<\/td>\n<\/tr>\n<tr class=\"row-7 odd\">\n\t<td class=\"column-1\">Terapia r\u0119ki \/ Grafomotoryka \u2013 diagnoza i ocena motoryki r\u0119ki<\/td><td class=\"column-2\">250z\u0142<\/td>\n<\/tr>\n<tr class=\"row-8 even\">\n\t<td class=\"column-1\">Terapia r\u0119ki (45-60 min)<\/td><td class=\"column-2\">140z\u0142<\/td>\n<\/tr>\n<tr class=\"row-9 odd\">\n\t<td class=\"column-1\">Trening Umiej\u0119tno\u015bci Spo\u0142ecznych <\/td><td class=\"column-2\">100z\u0142<\/td>\n<\/tr>\n<tr class=\"row-10 even\">\n\t<td class=\"column-1\">Program domowy<\/td><td class=\"column-2\">150z\u0142<\/td>\n<\/tr>\n<tr class=\"row-11 odd\">\n\t<td class=\"column-1\">Wydanie opinii <\/td><td class=\"column-2\">150z\u0142<\/td>\n<\/tr>\n<tr class=\"row-12 even\">\n\t<td class=\"column-1\">Wydanie za\u015bwiadczenia<\/td><td class=\"column-2\">50 z\u0142<\/td>\n<\/tr>\n<tr class=\"row-13 odd\">\n\t<td class=\"column-1\">Diagnoza EEG-BIOFEEDBACK <\/td><td class=\"column-2\">250 z\u0142<\/td>\n<\/tr>\n<tr class=\"row-14 even\">\n\t<td class=\"column-1\">Konsultacja pedagogiczna<\/td><td class=\"column-2\">250 z\u0142<\/td>\n<\/tr>\n<tr class=\"row-15 odd\">\n\t<td class=\"column-1\">Badanie Centralnego przetwarzania s\u0142uchowego<\/td><td class=\"column-2\">250 z\u0142<\/td>\n<\/tr>\n<tr class=\"row-16 even\">\n\t<td class=\"column-1\">Terapia EEG-Biofeedback<\/td><td class=\"column-2\">140 z\u0142<\/td>\n<\/tr>\n<tr class=\"row-17 odd\">\n\t<td class=\"column-1\">Terapia Metod\u0105 Warnkego <\/td><td class=\"column-2\">140 z\u0142<\/td>\n<\/tr>\n<tr class=\"row-18 even\">\n\t<td class=\"column-1\">Trening s\u0142uchowy Johansena<\/td><td class=\"column-2\">140 z\u0142<\/td>\n<\/tr>\n<tr class=\"row-19 odd\">\n\t<td class=\"column-1\">Trening funkcji poznawczych<\/td><td class=\"column-2\">140 z\u0142<\/td>\n<\/tr>\n<tr class=\"row-20 even\">\n\t<td class=\"column-1\">Konsultacja psychologiczna<\/td><td class=\"column-2\">270 z\u0142<\/td>\n<\/tr>\n<tr class=\"row-21 odd\">\n\t<td class=\"column-1\">Terapia psychologiczna<\/td><td class=\"column-2\">150 z\u0142<\/td>\n<\/tr>\n<tr class=\"row-22 even\">\n\t<td class=\"column-1\">Badanie psychologiczne (testowe) <\/td><td class=\"column-2\"> cena badania ustalana jest indywidualnie, gdy\u017c zale\u017cy od czasu potrzebnego na jego przeprowadzenie, obliczenie wynik\u00f3w oraz interpretacj\u0119<\/td>\n<\/tr>\n<tr class=\"row-23 odd\">\n\t<td class=\"column-1\">Turnus mikropolaryzacji - 10 sesji<\/td><td class=\"column-2\">1000 z\u0142<\/td>\n<\/tr>\n<tr class=\"row-24 even\">\n\t<td class=\"column-1\">Turnus mikropolaryzacji - 10 sesji plus terapia<\/td><td class=\"column-2\">1600 z\u0142<\/td>\n<\/tr>\n<tr class=\"row-25 odd\">\n\t<td class=\"column-1\">Elektrosymulacja logopedyczna - 10 sesji (oko\u0142o 30 min.)<\/td><td class=\"column-2\">700 z\u0142<\/td>\n<\/tr>\n<tr class=\"row-26 even\">\n\t<td class=\"column-1\">Terapia czaszkowo-krzyzowa<\/td><td class=\"column-2\">150 z\u0142<\/td>\n<\/tr>\n<tr class=\"row-27 odd\">\n\t<td class=\"column-1\">Masa\u017c leczniczy (60minut) <\/td><td class=\"column-2\">150 z\u0142<\/td>\n<\/tr>\n<tr class=\"row-28 even\">\n\t<td class=\"column-1\">Masa\u017c leczniczy (30 minut)<\/td><td class=\"column-2\">75 z\u0142<\/td>\n<\/tr>\n<tr class=\"row-29 odd\">\n\t<td class=\"column-1\">Masa\u017c klasyczny ( 60 minut) <\/td><td class=\"column-2\">140 z\u0142<\/td>\n<\/tr>\n<tr class=\"row-30 even\">\n\t<td class=\"column-1\">Masa\u017c klasyczny ( 30minut) <\/td><td class=\"column-2\">70 z\u0142<\/td>\n<\/tr>\n<tr class=\"row-31 odd\">\n\t<td class=\"column-1\">Masa\u017c relaksacyjny (30minut) <\/td><td class=\"column-2\">70 z\u0142<\/td>\n<\/tr>\n<tr class=\"row-32 even\">\n\t<td class=\"column-1\">Masa\u017c relaksacyjny ( 60minut) <\/td><td class=\"column-2\">140 z\u0142<\/td>\n<\/tr>\n<tr class=\"row-33 odd\">\n\t<td class=\"column-1\">Masa\u017c relaksacyjny (90 minut)<\/td><td class=\"column-2\">180 z\u0142<\/td>\n<\/tr>\n<tr class=\"row-34 even\">\n\t<td class=\"column-1\">Masa\u017c balijski ( 90 minut)<\/td><td class=\"column-2\">180 z\u0142<\/td>\n<\/tr>\n<tr class=\"row-35 odd\">\n\t<td class=\"column-1\">Masa\u017c gor\u0105ca \u015bwiec\u0105 ( 60 minut)<\/td><td class=\"column-2\">150 z\u0142<\/td>\n<\/tr>\n<tr class=\"row-36 even\">\n\t<td class=\"column-1\">Masa\u017c goracymi kamieniami <\/td><td class=\"column-2\">220 z\u0142<\/td>\n<\/tr>\n<tr class=\"row-37 odd\">\n\t<td class=\"column-1\">Masa\u017c tkanek g\u0142\u0119bokich <\/td><td class=\"column-2\">120 z\u0142<\/td>\n<\/tr>\n<tr class=\"row-38 even\">\n\t<td class=\"column-1\">Masa\u017c kobido ( 90 minut) <\/td><td class=\"column-2\">150 z\u0142<\/td>\n<\/tr>\n<tr class=\"row-39 odd\">\n\t<td class=\"column-1\">Masa\u017c kobido ( 120 minut) <\/td><td class=\"column-2\">200 z\u0142<\/td>\n<\/tr>\n<tr class=\"row-40 even\">\n\t<td class=\"column-1\">Masa\u017c ba\u0144k\u0105 chi\u0144ska ( 60 minut) <\/td><td class=\"column-2\">100 z\u0142<\/td>\n<\/tr>\n<tr class=\"row-41 odd\">\n\t<td class=\"column-1\">Neurorehabilitacja twarzoczaszki aplikatorami AVI ( 30minut) <\/td><td class=\"column-2\">50 z\u0142<\/td>\n<\/tr>\n<tr class=\"row-42 even\">\n\t<td class=\"column-1\">Taping <\/td><td class=\"column-2\">50 z\u0142<\/td>\n<\/tr>\n<\/tbody>\n<\/table>\n<!-- #tablepress-1 from cache --><br \/>\nZach\u0119camy do zapoznania si\u0119 te\u017c nasz\u0105 <a href=\"http:\/\/nowa.istmus.pl\/wp-content\/uploads\/2021\/10\/Plakat_szkolenia_2021_net.pdf\">OFERT\u0104 SZKOLENIOW\u0104<\/a><\/p>\n","protected":false},"excerpt":{"rendered":"<p>W katalogu naszych us\u0142ug s\u0105 zar\u00f3wno spotkania terapeutyczne, jak i konsultacyjne oraz szkoleniowe. Zach\u0119camy do zapoznania si\u0119 te\u017c nasz\u0105 OFERT\u0104 SZKOLENIOW\u0104<\/p>\n","protected":false},"author":1,"featured_media":0,"parent":0,"menu_order":0,"comment_status":"closed","ping_status":"closed","template":"","meta":[],"_links":{"self":[{"href":"http:\/\/istmus.pl\/index.php?rest_route=\/wp\/v2\/pages\/190"}],"collection":[{"href":"http:\/\/istmus.pl\/index.php?rest_route=\/wp\/v2\/pages"}],"about":[{"href":"http:\/\/istmus.pl\/index.php?rest_route=\/wp\/v2\/types\/page"}],"author":[{"embeddable":true,"href":"http:\/\/istmus.pl\/index.php?rest_route=\/wp\/v2\/users\/1"}],"replies":[{"embeddable":true,"href":"http:\/\/istmus.pl\/index.php?rest_route=%2Fwp%2Fv2%2Fcomments&post=190"}],"version-history":[{"count":6,"href":"http:\/\/istmus.pl\/index.php?rest_route=\/wp\/v2\/pages\/190\/revisions"}],"predecessor-version":[{"id":300,"href":"http:\/\/istmus.pl\/index.php?rest_route=\/wp\/v2\/pages\/190\/revisions\/300"}],"wp:attachment":[{"href":"http:\/\/istmus.pl\/index.php?rest_route=%2Fwp%2Fv2%2Fmedia&parent=190"}],"curies":[{"name":"wp","href":"https:\/\/api.w.org\/{rel}","templated":true}]}}